{"id":267,"date":"2021-08-30T22:31:49","date_gmt":"2021-08-30T19:31:49","guid":{"rendered":"https:\/\/pesuhalli.com\/?page_id=267"},"modified":"2025-10-26T22:28:26","modified_gmt":"2025-10-26T20:28:26","slug":"hur-fungerar-det","status":"publish","type":"page","link":"https:\/\/pesuhalli.com\/?page_id=267","title":{"rendered":"Miten se toimii?"},"content":{"rendered":"\n<p>Pesuhalli.com tarjoaa miehitt\u00e4m\u00e4tt\u00f6mi\u00e4 autotalleja erilaisiin ajoneuvojen huoltoihin. Varaukset tehd\u00e4\u00e4n verkossa ja palvelu edellytt\u00e4\u00e4, ett\u00e4 k\u00e4ytt\u00e4j\u00e4ll\u00e4 on \u00e4lypuhelin, jossa on selain ja internetyhteys.<\/p>\n\n\n\n<p class=\"has-large-font-size\">Ajanvaraus<\/p>\n\n\n\n<p>Varaat ajan varausj\u00e4rjestelm\u00e4mme kautta. Kannattaa varata riitt\u00e4v\u00e4sti aikaa vierailullesi, muista ett\u00e4 tarvitset aikaa my\u00f6s siivotaksesi j\u00e4lkesi. Jokaisen varauksen j\u00e4lkeen on varattu 5 min siivousaikaa.<\/p>\n\n\n\n<p>Maksu tapahtuu pankki- tai luottokortilla.<\/p>\n\n\n\n<figure class=\"wp-block-image size-large is-resized\"><img loading=\"lazy\" decoding=\"async\" width=\"1024\" height=\"523\" src=\"https:\/\/pesuhalli.com\/wp-content\/uploads\/2021\/09\/image-1024x523.png\" alt=\"\" class=\"wp-image-285\" style=\"width:512px;height:262px\" srcset=\"https:\/\/pesuhalli.com\/wp-content\/uploads\/2021\/09\/image-1024x523.png 1024w, https:\/\/pesuhalli.com\/wp-content\/uploads\/2021\/09\/image-600x307.png 600w, https:\/\/pesuhalli.com\/wp-content\/uploads\/2021\/09\/image-300x153.png 300w, https:\/\/pesuhalli.com\/wp-content\/uploads\/2021\/09\/image-768x393.png 768w, https:\/\/pesuhalli.com\/wp-content\/uploads\/2021\/09\/image-1536x785.png 1536w, https:\/\/pesuhalli.com\/wp-content\/uploads\/2021\/09\/image.png 1710w\" sizes=\"auto, (max-width: 1024px) 100vw, 1024px\" \/><\/figure>\n\n\n\n<p class=\"has-medium-font-size\">Kun olet varannut aikasi saat s\u00e4hk\u00f6postin jossa on vahvistus varauksestasi, ja linkki oven hallinoimiseen. Kun varauksesi aika koittaa voit linkill\u00e4 hallinoida ovea. <\/p>\n\n\n\n<figure class=\"wp-block-image size-large is-resized\"><img loading=\"lazy\" decoding=\"async\" width=\"473\" height=\"1024\" src=\"https:\/\/pesuhalli.com\/wp-content\/uploads\/2021\/09\/door-control-fi-473x1024.jpeg\" alt=\"\" class=\"wp-image-279\" style=\"width:237px;height:512px\" srcset=\"https:\/\/pesuhalli.com\/wp-content\/uploads\/2021\/09\/door-control-fi-473x1024.jpeg 473w, https:\/\/pesuhalli.com\/wp-content\/uploads\/2021\/09\/door-control-fi-600x1299.jpeg 600w, https:\/\/pesuhalli.com\/wp-content\/uploads\/2021\/09\/door-control-fi-139x300.jpeg 139w, https:\/\/pesuhalli.com\/wp-content\/uploads\/2021\/09\/door-control-fi-768x1663.jpeg 768w, https:\/\/pesuhalli.com\/wp-content\/uploads\/2021\/09\/door-control-fi-709x1536.jpeg 709w, https:\/\/pesuhalli.com\/wp-content\/uploads\/2021\/09\/door-control-fi-946x2048.jpeg 946w, https:\/\/pesuhalli.com\/wp-content\/uploads\/2021\/09\/door-control-fi.jpeg 1125w\" sizes=\"auto, (max-width: 473px) 100vw, 473px\" \/><\/figure>\n\n\n\n<p>Kuva verkkosivustolla oven hallinnasta.<\/p>\n\n\n\n<p>Kun olet valmis tallissa, laita ty\u00f6kalut ja laitteet alkuper\u00e4iselle paikalleen. <\/p>\n\n\n\n<p class=\"has-medium-font-size\"><strong>Muista sulkea ovi kun olet valmis. <\/strong><\/p>\n\n\n\n<p><\/p>\n\n\n\n<p><\/p>\n\n\n\n<p class=\"has-large-font-size\">Mit\u00e4 teen jos aikani loppuu?<\/p>\n\n\n\n<p>Jos aika loppuu kesken ennenkuin olet valmis, voit aina varata lis\u00e4aikaa mik\u00e4ili seuraava aika on vapaana. Jos seuraava aika on varattu, joudut poistumaan v\u00e4litt\u00f6m\u00e4sti. Jos et teknillisest\u00e4 syyst\u00e4 voi poistua ajallaan, ota v\u00e4litt\u00f6m\u00e4sti yhteytt\u00e4 meihin puhelinnumerosta <a href=\"tel:045 7836 9455\">045 7836 9455<\/a>.<\/p>\n\n\n\n<p><\/p>\n\n\n\n<p class=\"has-large-font-size\">Varausaikani on alkanut mutta joku muu on hallissa.<\/p>\n\n\n\n<p>Jos varaamasi aika on alkanut ja joku muu on hallissa, ota v\u00e4litt\u00f6m\u00e4sti yhteytt\u00e4 meihin puhelinnumerosta <a href=\"tel:045 7836 9455\">045 7836 9455<\/a>.<br><br>Jos et sinusta riippumattomasta syyst\u00e4 pysty k\u00e4ytt\u00e4m\u00e4\u00e4n hallia varaamallasi ajalla, sinulla on oikeus varata uusi aika ilman lis\u00e4kustannuksia.<\/p>\n","protected":false},"excerpt":{"rendered":"<p>Pesuhalli.com tarjoaa miehitt\u00e4m\u00e4tt\u00f6mi\u00e4 autotalleja erilaisiin ajoneuvojen huoltoihin. Varaukset tehd\u00e4\u00e4n verkossa ja palvelu edellytt\u00e4\u00e4, ett\u00e4 k\u00e4ytt\u00e4j\u00e4ll\u00e4 on \u00e4lypuhelin, jossa on selain ja internetyhteys. Ajanvaraus Varaat ajan varausj\u00e4rjestelm\u00e4mme kautta. Kannattaa varata riitt\u00e4v\u00e4sti aikaa vierailullesi, muista ett\u00e4 tarvitset aikaa my\u00f6s siivotaksesi j\u00e4lkesi. Jokaisen varauksen j\u00e4lkeen on varattu 5 min siivousaikaa. Maksu tapahtuu pankki- [&hellip;]<\/p>\n","protected":false},"author":1,"featured_media":0,"parent":0,"menu_order":0,"comment_status":"closed","ping_status":"closed","template":"","meta":{"footnotes":""},"class_list":["post-267","page","type-page","status-publish","hentry"],"yoast_head":"<!-- This site is optimized with the Yoast SEO plugin v19.9 - https:\/\/yoast.com\/wordpress\/plugins\/seo\/ -->\n<title>Miten se toimii? - pesuhalli.com<\/title>\n<meta name=\"robots\" content=\"index, follow, max-snippet:-1, max-image-preview:large, max-video-preview:-1\" \/>\n<link rel=\"canonical\" href=\"https:\/\/pesuhalli.com\/?page_id=267\" \/>\n<meta property=\"og:locale\" content=\"fi_FI\" \/>\n<meta property=\"og:type\" content=\"article\" \/>\n<meta property=\"og:title\" content=\"Miten se toimii? - pesuhalli.com\" \/>\n<meta property=\"og:description\" content=\"Pesuhalli.com tarjoaa miehitt\u00e4m\u00e4tt\u00f6mi\u00e4 autotalleja erilaisiin ajoneuvojen huoltoihin. Varaukset tehd\u00e4\u00e4n verkossa ja palvelu edellytt\u00e4\u00e4, ett\u00e4 k\u00e4ytt\u00e4j\u00e4ll\u00e4 on \u00e4lypuhelin, jossa on selain ja internetyhteys. Ajanvaraus Varaat ajan varausj\u00e4rjestelm\u00e4mme kautta. Kannattaa varata riitt\u00e4v\u00e4sti aikaa vierailullesi, muista ett\u00e4 tarvitset aikaa my\u00f6s siivotaksesi j\u00e4lkesi. Jokaisen varauksen j\u00e4lkeen on varattu 5 min siivousaikaa. Maksu tapahtuu pankki- [&hellip;]\" \/>\n<meta property=\"og:url\" content=\"https:\/\/pesuhalli.com\/?page_id=267\" \/>\n<meta property=\"og:site_name\" content=\"pesuhalli.com\" \/>\n<meta property=\"article:modified_time\" content=\"2025-10-26T20:28:26+00:00\" \/>\n<meta property=\"og:image\" content=\"https:\/\/pesuhalli.com\/wp-content\/uploads\/2021\/09\/image-1024x523.png\" \/>\n<meta name=\"twitter:card\" content=\"summary_large_image\" \/>\n<meta name=\"twitter:label1\" content=\"Arvioitu lukuaika\" \/>\n\t<meta name=\"twitter:data1\" content=\"2 minuuttia\" \/>\n<script type=\"application\/ld+json\" class=\"yoast-schema-graph\">{\"@context\":\"https:\/\/schema.org\",\"@graph\":[{\"@type\":\"WebPage\",\"@id\":\"https:\/\/pesuhalli.com\/?page_id=267\",\"url\":\"https:\/\/pesuhalli.com\/?page_id=267\",\"name\":\"Miten se toimii? - pesuhalli.com\",\"isPartOf\":{\"@id\":\"https:\/\/pesuhalli.com\/#website\"},\"datePublished\":\"2021-08-30T19:31:49+00:00\",\"dateModified\":\"2025-10-26T20:28:26+00:00\",\"breadcrumb\":{\"@id\":\"https:\/\/pesuhalli.com\/?page_id=267#breadcrumb\"},\"inLanguage\":\"fi\",\"potentialAction\":[{\"@type\":\"ReadAction\",\"target\":[\"https:\/\/pesuhalli.com\/?page_id=267\"]}]},{\"@type\":\"BreadcrumbList\",\"@id\":\"https:\/\/pesuhalli.com\/?page_id=267#breadcrumb\",\"itemListElement\":[{\"@type\":\"ListItem\",\"position\":1,\"name\":\"Home\",\"item\":\"https:\/\/pesuhalli.com\/\"},{\"@type\":\"ListItem\",\"position\":2,\"name\":\"Miten se toimii?\"}]},{\"@type\":\"WebSite\",\"@id\":\"https:\/\/pesuhalli.com\/#website\",\"url\":\"https:\/\/pesuhalli.com\/\",\"name\":\"pesuhalli.com\",\"description\":\"Paras paikka tee-se-itse-tyypeille.\",\"publisher\":{\"@id\":\"https:\/\/pesuhalli.com\/#organization\"},\"potentialAction\":[{\"@type\":\"SearchAction\",\"target\":{\"@type\":\"EntryPoint\",\"urlTemplate\":\"https:\/\/pesuhalli.com\/?s={search_term_string}\"},\"query-input\":\"required name=search_term_string\"}],\"inLanguage\":\"fi\"},{\"@type\":\"Organization\",\"@id\":\"https:\/\/pesuhalli.com\/#organization\",\"name\":\"pesuhalli.com\",\"url\":\"https:\/\/pesuhalli.com\/\",\"logo\":{\"@type\":\"ImageObject\",\"inLanguage\":\"fi\",\"@id\":\"https:\/\/pesuhalli.com\/#\/schema\/logo\/image\/\",\"url\":\"https:\/\/pesuhalli.com\/wp-content\/uploads\/2021\/07\/cropped-logo.png\",\"contentUrl\":\"https:\/\/pesuhalli.com\/wp-content\/uploads\/2021\/07\/cropped-logo.png\",\"width\":563,\"height\":96,\"caption\":\"pesuhalli.com\"},\"image\":{\"@id\":\"https:\/\/pesuhalli.com\/#\/schema\/logo\/image\/\"}}]}<\/script>\n<!-- \/ Yoast SEO plugin. -->","yoast_head_json":{"title":"Miten se toimii? - pesuhalli.com","robots":{"index":"index","follow":"follow","max-snippet":"max-snippet:-1","max-image-preview":"max-image-preview:large","max-video-preview":"max-video-preview:-1"},"canonical":"https:\/\/pesuhalli.com\/?page_id=267","og_locale":"fi_FI","og_type":"article","og_title":"Miten se toimii? - pesuhalli.com","og_description":"Pesuhalli.com tarjoaa miehitt\u00e4m\u00e4tt\u00f6mi\u00e4 autotalleja erilaisiin ajoneuvojen huoltoihin. Varaukset tehd\u00e4\u00e4n verkossa ja palvelu edellytt\u00e4\u00e4, ett\u00e4 k\u00e4ytt\u00e4j\u00e4ll\u00e4 on \u00e4lypuhelin, jossa on selain ja internetyhteys. Ajanvaraus Varaat ajan varausj\u00e4rjestelm\u00e4mme kautta. Kannattaa varata riitt\u00e4v\u00e4sti aikaa vierailullesi, muista ett\u00e4 tarvitset aikaa my\u00f6s siivotaksesi j\u00e4lkesi. Jokaisen varauksen j\u00e4lkeen on varattu 5 min siivousaikaa. Maksu tapahtuu pankki- [&hellip;]","og_url":"https:\/\/pesuhalli.com\/?page_id=267","og_site_name":"pesuhalli.com","article_modified_time":"2025-10-26T20:28:26+00:00","og_image":[{"url":"https:\/\/pesuhalli.com\/wp-content\/uploads\/2021\/09\/image-1024x523.png"}],"twitter_card":"summary_large_image","twitter_misc":{"Arvioitu lukuaika":"2 minuuttia"},"schema":{"@context":"https:\/\/schema.org","@graph":[{"@type":"WebPage","@id":"https:\/\/pesuhalli.com\/?page_id=267","url":"https:\/\/pesuhalli.com\/?page_id=267","name":"Miten se toimii? - pesuhalli.com","isPartOf":{"@id":"https:\/\/pesuhalli.com\/#website"},"datePublished":"2021-08-30T19:31:49+00:00","dateModified":"2025-10-26T20:28:26+00:00","breadcrumb":{"@id":"https:\/\/pesuhalli.com\/?page_id=267#breadcrumb"},"inLanguage":"fi","potentialAction":[{"@type":"ReadAction","target":["https:\/\/pesuhalli.com\/?page_id=267"]}]},{"@type":"BreadcrumbList","@id":"https:\/\/pesuhalli.com\/?page_id=267#breadcrumb","itemListElement":[{"@type":"ListItem","position":1,"name":"Home","item":"https:\/\/pesuhalli.com\/"},{"@type":"ListItem","position":2,"name":"Miten se toimii?"}]},{"@type":"WebSite","@id":"https:\/\/pesuhalli.com\/#website","url":"https:\/\/pesuhalli.com\/","name":"pesuhalli.com","description":"Paras paikka tee-se-itse-tyypeille.","publisher":{"@id":"https:\/\/pesuhalli.com\/#organization"},"potentialAction":[{"@type":"SearchAction","target":{"@type":"EntryPoint","urlTemplate":"https:\/\/pesuhalli.com\/?s={search_term_string}"},"query-input":"required name=search_term_string"}],"inLanguage":"fi"},{"@type":"Organization","@id":"https:\/\/pesuhalli.com\/#organization","name":"pesuhalli.com","url":"https:\/\/pesuhalli.com\/","logo":{"@type":"ImageObject","inLanguage":"fi","@id":"https:\/\/pesuhalli.com\/#\/schema\/logo\/image\/","url":"https:\/\/pesuhalli.com\/wp-content\/uploads\/2021\/07\/cropped-logo.png","contentUrl":"https:\/\/pesuhalli.com\/wp-content\/uploads\/2021\/07\/cropped-logo.png","width":563,"height":96,"caption":"pesuhalli.com"},"image":{"@id":"https:\/\/pesuhalli.com\/#\/schema\/logo\/image\/"}}]}},"_links":{"self":[{"href":"https:\/\/pesuhalli.com\/index.php?rest_route=\/wp\/v2\/pages\/267","targetHints":{"allow":["GET"]}}],"collection":[{"href":"https:\/\/pesuhalli.com\/index.php?rest_route=\/wp\/v2\/pages"}],"about":[{"href":"https:\/\/pesuhalli.com\/index.php?rest_route=\/wp\/v2\/types\/page"}],"author":[{"embeddable":true,"href":"https:\/\/pesuhalli.com\/index.php?rest_route=\/wp\/v2\/users\/1"}],"replies":[{"embeddable":true,"href":"https:\/\/pesuhalli.com\/index.php?rest_route=%2Fwp%2Fv2%2Fcomments&post=267"}],"version-history":[{"count":12,"href":"https:\/\/pesuhalli.com\/index.php?rest_route=\/wp\/v2\/pages\/267\/revisions"}],"predecessor-version":[{"id":734,"href":"https:\/\/pesuhalli.com\/index.php?rest_route=\/wp\/v2\/pages\/267\/revisions\/734"}],"wp:attachment":[{"href":"https:\/\/pesuhalli.com\/index.php?rest_route=%2Fwp%2Fv2%2Fmedia&parent=267"}],"curies":[{"name":"wp","href":"https:\/\/api.w.org\/{rel}","templated":true}]}}