{"id":81,"date":"2021-08-12T14:56:30","date_gmt":"2021-08-12T14:56:30","guid":{"rendered":"https:\/\/pesuhalli.com\/?page_id=81"},"modified":"2024-01-19T14:58:44","modified_gmt":"2024-01-19T12:58:44","slug":"varusteet","status":"publish","type":"page","link":"https:\/\/pesuhalli.com\/?page_id=81","title":{"rendered":"Varusteet"},"content":{"rendered":"<div class=\"wp-block-image is-style-default\">\n<figure class=\"aligncenter size-large\"><img loading=\"lazy\" decoding=\"async\" width=\"1024\" height=\"579\" src=\"https:\/\/pesuhalli.com\/wp-content\/uploads\/2021\/08\/407E111C-35C1-4ED0-8B0D-851374B5F9B1-e1628795352901-1024x579.jpeg\" alt=\"\" class=\"wp-image-82\" srcset=\"https:\/\/pesuhalli.com\/wp-content\/uploads\/2021\/08\/407E111C-35C1-4ED0-8B0D-851374B5F9B1-e1628795352901-1024x579.jpeg 1024w, https:\/\/pesuhalli.com\/wp-content\/uploads\/2021\/08\/407E111C-35C1-4ED0-8B0D-851374B5F9B1-e1628795352901-600x339.jpeg 600w, https:\/\/pesuhalli.com\/wp-content\/uploads\/2021\/08\/407E111C-35C1-4ED0-8B0D-851374B5F9B1-e1628795352901-300x169.jpeg 300w, https:\/\/pesuhalli.com\/wp-content\/uploads\/2021\/08\/407E111C-35C1-4ED0-8B0D-851374B5F9B1-e1628795352901-768x434.jpeg 768w, https:\/\/pesuhalli.com\/wp-content\/uploads\/2021\/08\/407E111C-35C1-4ED0-8B0D-851374B5F9B1-e1628795352901-1536x868.jpeg 1536w, https:\/\/pesuhalli.com\/wp-content\/uploads\/2021\/08\/407E111C-35C1-4ED0-8B0D-851374B5F9B1-e1628795352901.jpeg 2048w\" sizes=\"auto, (max-width: 1024px) 100vw, 1024px\" \/><\/figure>\n<\/div>\n\n\n<p class=\"has-medium-font-size\">Hallista l\u00f6yd\u00e4t seuraavat varusteet:<\/p>\n\n\n\n<ul class=\"wp-block-list\">\n<li>Painepesuri<\/li>\n\n\n\n<li>Pesu\u00e4mp\u00e4rit ja pesukinnas<\/li>\n\n\n\n<li>Vannepesuharja ja sieni<\/li>\n\n\n\n<li>Kompressori\n<ul class=\"wp-block-list\">\n<li>Renkaant\u00e4ytt\u00f6laite <\/li>\n\n\n\n<li>Mutterinv\u00e4\u00e4nnin<\/li>\n<\/ul>\n<\/li>\n\n\n\n<li>Momenttiavain ja hylsyt (17, 19, 21mm)<\/li>\n\n\n\n<li>Imuri<\/li>\n\n\n\n<li>Tunkki (3500 kg)<\/li>\n\n\n\n<li>Siirrett\u00e4v\u00e4 p\u00f6yt\u00e4<\/li>\n\n\n\n<li>Kuivausteline<\/li>\n\n\n\n<li>Jatkoroikka<\/li>\n\n\n\n<li>Ilmapuhallin<\/li>\n<\/ul>\n\n\n\n<p><\/p>\n\n\n\n<p class=\"has-medium-font-size\">Talliovi on 3 m leve\u00e4 ja 3,3 m korkea<\/p>\n\n\n\n<p class=\"has-medium-font-size\">6 metri\u00e4 pitk\u00e4 ajoneuvo mahtuu halliin<\/p>\n\n\n\n<p><\/p>\n\n\n\n<div class=\"wp-block-buttons is-layout-flex wp-block-buttons-is-layout-flex\">\n<div class=\"wp-block-button\"><a class=\"wp-block-button__link wp-element-button\" href=\"https:\/\/www.autodude.fi\/fi\/o\/ad-autonhoito\">Autonhoito ABC<\/a><\/div>\n<\/div>\n","protected":false},"excerpt":{"rendered":"<p>Hallista l\u00f6yd\u00e4t seuraavat varusteet: Talliovi on 3 m leve\u00e4 ja 3,3 m korkea 6 metri\u00e4 pitk\u00e4 ajoneuvo mahtuu halliin<\/p>\n","protected":false},"author":1,"featured_media":0,"parent":0,"menu_order":0,"comment_status":"closed","ping_status":"closed","template":"","meta":{"footnotes":""},"class_list":["post-81","page","type-page","status-publish","hentry"],"yoast_head":"<!-- This site is optimized with the Yoast SEO plugin v19.9 - https:\/\/yoast.com\/wordpress\/plugins\/seo\/ -->\n<title>Varusteet - pesuhalli.com<\/title>\n<meta name=\"robots\" content=\"index, follow, max-snippet:-1, max-image-preview:large, max-video-preview:-1\" \/>\n<link rel=\"canonical\" href=\"https:\/\/pesuhalli.com\/?page_id=81\" \/>\n<meta property=\"og:locale\" content=\"fi_FI\" \/>\n<meta property=\"og:type\" content=\"article\" \/>\n<meta property=\"og:title\" content=\"Varusteet - pesuhalli.com\" \/>\n<meta property=\"og:description\" content=\"Hallista l\u00f6yd\u00e4t seuraavat varusteet: Talliovi on 3 m leve\u00e4 ja 3,3 m korkea 6 metri\u00e4 pitk\u00e4 ajoneuvo mahtuu halliin\" \/>\n<meta property=\"og:url\" content=\"https:\/\/pesuhalli.com\/?page_id=81\" \/>\n<meta property=\"og:site_name\" content=\"pesuhalli.com\" \/>\n<meta property=\"article:modified_time\" content=\"2024-01-19T12:58:44+00:00\" \/>\n<meta property=\"og:image\" content=\"https:\/\/pesuhalli.com\/wp-content\/uploads\/2021\/08\/407E111C-35C1-4ED0-8B0D-851374B5F9B1-e1628795352901-1024x579.jpeg\" \/>\n<meta name=\"twitter:card\" content=\"summary_large_image\" \/>\n<meta name=\"twitter:label1\" content=\"Arvioitu lukuaika\" \/>\n\t<meta name=\"twitter:data1\" content=\"1 minuutti\" \/>\n<script type=\"application\/ld+json\" class=\"yoast-schema-graph\">{\"@context\":\"https:\/\/schema.org\",\"@graph\":[{\"@type\":\"WebPage\",\"@id\":\"https:\/\/pesuhalli.com\/?page_id=81\",\"url\":\"https:\/\/pesuhalli.com\/?page_id=81\",\"name\":\"Varusteet - pesuhalli.com\",\"isPartOf\":{\"@id\":\"https:\/\/pesuhalli.com\/#website\"},\"datePublished\":\"2021-08-12T14:56:30+00:00\",\"dateModified\":\"2024-01-19T12:58:44+00:00\",\"breadcrumb\":{\"@id\":\"https:\/\/pesuhalli.com\/?page_id=81#breadcrumb\"},\"inLanguage\":\"fi\",\"potentialAction\":[{\"@type\":\"ReadAction\",\"target\":[\"https:\/\/pesuhalli.com\/?page_id=81\"]}]},{\"@type\":\"BreadcrumbList\",\"@id\":\"https:\/\/pesuhalli.com\/?page_id=81#breadcrumb\",\"itemListElement\":[{\"@type\":\"ListItem\",\"position\":1,\"name\":\"Home\",\"item\":\"https:\/\/pesuhalli.com\/\"},{\"@type\":\"ListItem\",\"position\":2,\"name\":\"Varusteet\"}]},{\"@type\":\"WebSite\",\"@id\":\"https:\/\/pesuhalli.com\/#website\",\"url\":\"https:\/\/pesuhalli.com\/\",\"name\":\"pesuhalli.com\",\"description\":\"Paras paikka tee-se-itse-tyypeille.\",\"publisher\":{\"@id\":\"https:\/\/pesuhalli.com\/#organization\"},\"potentialAction\":[{\"@type\":\"SearchAction\",\"target\":{\"@type\":\"EntryPoint\",\"urlTemplate\":\"https:\/\/pesuhalli.com\/?s={search_term_string}\"},\"query-input\":\"required name=search_term_string\"}],\"inLanguage\":\"fi\"},{\"@type\":\"Organization\",\"@id\":\"https:\/\/pesuhalli.com\/#organization\",\"name\":\"pesuhalli.com\",\"url\":\"https:\/\/pesuhalli.com\/\",\"logo\":{\"@type\":\"ImageObject\",\"inLanguage\":\"fi\",\"@id\":\"https:\/\/pesuhalli.com\/#\/schema\/logo\/image\/\",\"url\":\"https:\/\/pesuhalli.com\/wp-content\/uploads\/2021\/07\/cropped-logo.png\",\"contentUrl\":\"https:\/\/pesuhalli.com\/wp-content\/uploads\/2021\/07\/cropped-logo.png\",\"width\":563,\"height\":96,\"caption\":\"pesuhalli.com\"},\"image\":{\"@id\":\"https:\/\/pesuhalli.com\/#\/schema\/logo\/image\/\"}}]}<\/script>\n<!-- \/ Yoast SEO plugin. -->","yoast_head_json":{"title":"Varusteet - pesuhalli.com","robots":{"index":"index","follow":"follow","max-snippet":"max-snippet:-1","max-image-preview":"max-image-preview:large","max-video-preview":"max-video-preview:-1"},"canonical":"https:\/\/pesuhalli.com\/?page_id=81","og_locale":"fi_FI","og_type":"article","og_title":"Varusteet - pesuhalli.com","og_description":"Hallista l\u00f6yd\u00e4t seuraavat varusteet: Talliovi on 3 m leve\u00e4 ja 3,3 m korkea 6 metri\u00e4 pitk\u00e4 ajoneuvo mahtuu halliin","og_url":"https:\/\/pesuhalli.com\/?page_id=81","og_site_name":"pesuhalli.com","article_modified_time":"2024-01-19T12:58:44+00:00","og_image":[{"url":"https:\/\/pesuhalli.com\/wp-content\/uploads\/2021\/08\/407E111C-35C1-4ED0-8B0D-851374B5F9B1-e1628795352901-1024x579.jpeg"}],"twitter_card":"summary_large_image","twitter_misc":{"Arvioitu lukuaika":"1 minuutti"},"schema":{"@context":"https:\/\/schema.org","@graph":[{"@type":"WebPage","@id":"https:\/\/pesuhalli.com\/?page_id=81","url":"https:\/\/pesuhalli.com\/?page_id=81","name":"Varusteet - pesuhalli.com","isPartOf":{"@id":"https:\/\/pesuhalli.com\/#website"},"datePublished":"2021-08-12T14:56:30+00:00","dateModified":"2024-01-19T12:58:44+00:00","breadcrumb":{"@id":"https:\/\/pesuhalli.com\/?page_id=81#breadcrumb"},"inLanguage":"fi","potentialAction":[{"@type":"ReadAction","target":["https:\/\/pesuhalli.com\/?page_id=81"]}]},{"@type":"BreadcrumbList","@id":"https:\/\/pesuhalli.com\/?page_id=81#breadcrumb","itemListElement":[{"@type":"ListItem","position":1,"name":"Home","item":"https:\/\/pesuhalli.com\/"},{"@type":"ListItem","position":2,"name":"Varusteet"}]},{"@type":"WebSite","@id":"https:\/\/pesuhalli.com\/#website","url":"https:\/\/pesuhalli.com\/","name":"pesuhalli.com","description":"Paras paikka tee-se-itse-tyypeille.","publisher":{"@id":"https:\/\/pesuhalli.com\/#organization"},"potentialAction":[{"@type":"SearchAction","target":{"@type":"EntryPoint","urlTemplate":"https:\/\/pesuhalli.com\/?s={search_term_string}"},"query-input":"required name=search_term_string"}],"inLanguage":"fi"},{"@type":"Organization","@id":"https:\/\/pesuhalli.com\/#organization","name":"pesuhalli.com","url":"https:\/\/pesuhalli.com\/","logo":{"@type":"ImageObject","inLanguage":"fi","@id":"https:\/\/pesuhalli.com\/#\/schema\/logo\/image\/","url":"https:\/\/pesuhalli.com\/wp-content\/uploads\/2021\/07\/cropped-logo.png","contentUrl":"https:\/\/pesuhalli.com\/wp-content\/uploads\/2021\/07\/cropped-logo.png","width":563,"height":96,"caption":"pesuhalli.com"},"image":{"@id":"https:\/\/pesuhalli.com\/#\/schema\/logo\/image\/"}}]}},"_links":{"self":[{"href":"https:\/\/pesuhalli.com\/index.php?rest_route=\/wp\/v2\/pages\/81","targetHints":{"allow":["GET"]}}],"collection":[{"href":"https:\/\/pesuhalli.com\/index.php?rest_route=\/wp\/v2\/pages"}],"about":[{"href":"https:\/\/pesuhalli.com\/index.php?rest_route=\/wp\/v2\/types\/page"}],"author":[{"embeddable":true,"href":"https:\/\/pesuhalli.com\/index.php?rest_route=\/wp\/v2\/users\/1"}],"replies":[{"embeddable":true,"href":"https:\/\/pesuhalli.com\/index.php?rest_route=%2Fwp%2Fv2%2Fcomments&post=81"}],"version-history":[{"count":13,"href":"https:\/\/pesuhalli.com\/index.php?rest_route=\/wp\/v2\/pages\/81\/revisions"}],"predecessor-version":[{"id":658,"href":"https:\/\/pesuhalli.com\/index.php?rest_route=\/wp\/v2\/pages\/81\/revisions\/658"}],"wp:attachment":[{"href":"https:\/\/pesuhalli.com\/index.php?rest_route=%2Fwp%2Fv2%2Fmedia&parent=81"}],"curies":[{"name":"wp","href":"https:\/\/api.w.org\/{rel}","templated":true}]}}