{"id":87,"date":"2021-08-12T15:06:20","date_gmt":"2021-08-12T15:06:20","guid":{"rendered":"https:\/\/pesuhalli.com\/?page_id=87"},"modified":"2022-11-01T08:53:38","modified_gmt":"2022-11-01T06:53:38","slug":"utrustning","status":"publish","type":"page","link":"https:\/\/pesuhalli.com\/?page_id=87&lang=sv","title":{"rendered":"Utrustning"},"content":{"rendered":"<div class=\"wp-block-image is-style-default\">\n<figure class=\"aligncenter size-large\"><img loading=\"lazy\" decoding=\"async\" width=\"2048\" height=\"1157\" src=\"https:\/\/pesuhalli.com\/wp-content\/uploads\/2021\/08\/407E111C-35C1-4ED0-8B0D-851374B5F9B1-e1628795352901.jpeg\" alt=\"\" class=\"wp-image-84\" srcset=\"https:\/\/pesuhalli.com\/wp-content\/uploads\/2021\/08\/407E111C-35C1-4ED0-8B0D-851374B5F9B1-e1628795352901.jpeg 2048w, https:\/\/pesuhalli.com\/wp-content\/uploads\/2021\/08\/407E111C-35C1-4ED0-8B0D-851374B5F9B1-e1628795352901-600x339.jpeg 600w\" sizes=\"auto, (max-width: 2048px) 100vw, 2048px\" \/><\/figure>\n<\/div>\n\n\n<p class=\"has-medium-font-size\">I hallen hittar ni f\u00f6ljande utrustning:<\/p>\n\n\n\n<ul class=\"wp-block-list\"><li>Trycktv\u00e4tt<\/li><li>Tv\u00e4tthinkar + tv\u00e4tthandske<\/li><li>F\u00e4lgborste + svamp<\/li><li>Kompressor<ul><li>D\u00e4cktrycksregulator<\/li><li>Mutterdragare<\/li><\/ul><\/li><li>Momentnyckel och hylsor (17, 19, 21mm)<\/li><li>Flyttbart arbetsbord<\/li><li>Damsugare<\/li><li>Domkraft (3500 kg)<\/li><li>Flyttbart bord<\/li><li>Torkst\u00e4llning<\/li><li>Skarvsladd<\/li><li>Luftbl\u00e5sare<\/li><\/ul>\n\n\n\n<p class=\"has-medium-font-size\"><br>Hallens \u00f6ppning \u00e4r 3 meter bred och 3,3 meter h\u00f6g.<\/p>\n\n\n\n<p><\/p>\n\n\n\n<p class=\"has-medium-font-size\">Ett 6 meter l\u00e5ng fordon ryms in i hallen.<\/p>\n\n\n\n<p><\/p>\n","protected":false},"excerpt":{"rendered":"<p>I hallen hittar ni f\u00f6ljande utrustning: Trycktv\u00e4tt Tv\u00e4tthinkar + tv\u00e4tthandske F\u00e4lgborste + svamp Kompressor D\u00e4cktrycksregulator Mutterdragare Momentnyckel och hylsor (17, 19, 21mm) Flyttbart arbetsbord Damsugare Domkraft (3500 kg) Flyttbart bord Torkst\u00e4llning Skarvsladd Luftbl\u00e5sare Hallens \u00f6ppning \u00e4r 3 meter bred och 3,3 meter h\u00f6g. Ett 6 meter l\u00e5ng fordon ryms in [&hellip;]<\/p>\n","protected":false},"author":1,"featured_media":0,"parent":0,"menu_order":0,"comment_status":"closed","ping_status":"closed","template":"","meta":{"footnotes":""},"class_list":["post-87","page","type-page","status-publish","hentry"],"yoast_head":"<!-- This site is optimized with the Yoast SEO plugin v19.9 - https:\/\/yoast.com\/wordpress\/plugins\/seo\/ -->\n<title>Utrustning - pesuhalli.com<\/title>\n<meta name=\"robots\" content=\"index, follow, max-snippet:-1, max-image-preview:large, max-video-preview:-1\" \/>\n<link rel=\"canonical\" href=\"https:\/\/pesuhalli.com\/?page_id=87&lang=sv\" \/>\n<meta property=\"og:locale\" content=\"fi_FI\" \/>\n<meta property=\"og:type\" content=\"article\" \/>\n<meta property=\"og:title\" content=\"Utrustning - pesuhalli.com\" \/>\n<meta property=\"og:description\" content=\"I hallen hittar ni f\u00f6ljande utrustning: Trycktv\u00e4tt Tv\u00e4tthinkar + tv\u00e4tthandske F\u00e4lgborste + svamp Kompressor D\u00e4cktrycksregulator Mutterdragare Momentnyckel och hylsor (17, 19, 21mm) Flyttbart arbetsbord Damsugare Domkraft (3500 kg) Flyttbart bord Torkst\u00e4llning Skarvsladd Luftbl\u00e5sare Hallens \u00f6ppning \u00e4r 3 meter bred och 3,3 meter h\u00f6g. Ett 6 meter l\u00e5ng fordon ryms in [&hellip;]\" \/>\n<meta property=\"og:url\" content=\"https:\/\/pesuhalli.com\/?page_id=87&amp;lang=sv\" \/>\n<meta property=\"og:site_name\" content=\"pesuhalli.com\" \/>\n<meta property=\"article:modified_time\" content=\"2022-11-01T06:53:38+00:00\" \/>\n<meta property=\"og:image\" content=\"https:\/\/pesuhalli.com\/wp-content\/uploads\/2021\/08\/407E111C-35C1-4ED0-8B0D-851374B5F9B1-e1628795352901.jpeg\" \/>\n<meta name=\"twitter:card\" content=\"summary_large_image\" \/>\n<meta name=\"twitter:label1\" content=\"Arvioitu lukuaika\" \/>\n\t<meta name=\"twitter:data1\" content=\"1 minuutti\" \/>\n<script type=\"application\/ld+json\" class=\"yoast-schema-graph\">{\"@context\":\"https:\/\/schema.org\",\"@graph\":[{\"@type\":\"WebPage\",\"@id\":\"https:\/\/pesuhalli.com\/?page_id=87&lang=sv\",\"url\":\"https:\/\/pesuhalli.com\/?page_id=87&lang=sv\",\"name\":\"Utrustning - pesuhalli.com\",\"isPartOf\":{\"@id\":\"https:\/\/pesuhalli.com\/#website\"},\"datePublished\":\"2021-08-12T15:06:20+00:00\",\"dateModified\":\"2022-11-01T06:53:38+00:00\",\"breadcrumb\":{\"@id\":\"https:\/\/pesuhalli.com\/?page_id=87&lang=sv#breadcrumb\"},\"inLanguage\":\"fi\",\"potentialAction\":[{\"@type\":\"ReadAction\",\"target\":[\"https:\/\/pesuhalli.com\/?page_id=87&lang=sv\"]}]},{\"@type\":\"BreadcrumbList\",\"@id\":\"https:\/\/pesuhalli.com\/?page_id=87&lang=sv#breadcrumb\",\"itemListElement\":[{\"@type\":\"ListItem\",\"position\":1,\"name\":\"Home\",\"item\":\"https:\/\/pesuhalli.com\/\"},{\"@type\":\"ListItem\",\"position\":2,\"name\":\"Utrustning\"}]},{\"@type\":\"WebSite\",\"@id\":\"https:\/\/pesuhalli.com\/#website\",\"url\":\"https:\/\/pesuhalli.com\/\",\"name\":\"pesuhalli.com\",\"description\":\"Paras paikka tee-se-itse-tyypeille.\",\"publisher\":{\"@id\":\"https:\/\/pesuhalli.com\/#organization\"},\"potentialAction\":[{\"@type\":\"SearchAction\",\"target\":{\"@type\":\"EntryPoint\",\"urlTemplate\":\"https:\/\/pesuhalli.com\/?s={search_term_string}\"},\"query-input\":\"required name=search_term_string\"}],\"inLanguage\":\"fi\"},{\"@type\":\"Organization\",\"@id\":\"https:\/\/pesuhalli.com\/#organization\",\"name\":\"pesuhalli.com\",\"url\":\"https:\/\/pesuhalli.com\/\",\"logo\":{\"@type\":\"ImageObject\",\"inLanguage\":\"fi\",\"@id\":\"https:\/\/pesuhalli.com\/#\/schema\/logo\/image\/\",\"url\":\"https:\/\/pesuhalli.com\/wp-content\/uploads\/2021\/07\/cropped-logo.png\",\"contentUrl\":\"https:\/\/pesuhalli.com\/wp-content\/uploads\/2021\/07\/cropped-logo.png\",\"width\":563,\"height\":96,\"caption\":\"pesuhalli.com\"},\"image\":{\"@id\":\"https:\/\/pesuhalli.com\/#\/schema\/logo\/image\/\"}}]}<\/script>\n<!-- \/ Yoast SEO plugin. -->","yoast_head_json":{"title":"Utrustning - pesuhalli.com","robots":{"index":"index","follow":"follow","max-snippet":"max-snippet:-1","max-image-preview":"max-image-preview:large","max-video-preview":"max-video-preview:-1"},"canonical":"https:\/\/pesuhalli.com\/?page_id=87&lang=sv","og_locale":"fi_FI","og_type":"article","og_title":"Utrustning - pesuhalli.com","og_description":"I hallen hittar ni f\u00f6ljande utrustning: Trycktv\u00e4tt Tv\u00e4tthinkar + tv\u00e4tthandske F\u00e4lgborste + svamp Kompressor D\u00e4cktrycksregulator Mutterdragare Momentnyckel och hylsor (17, 19, 21mm) Flyttbart arbetsbord Damsugare Domkraft (3500 kg) Flyttbart bord Torkst\u00e4llning Skarvsladd Luftbl\u00e5sare Hallens \u00f6ppning \u00e4r 3 meter bred och 3,3 meter h\u00f6g. Ett 6 meter l\u00e5ng fordon ryms in [&hellip;]","og_url":"https:\/\/pesuhalli.com\/?page_id=87&lang=sv","og_site_name":"pesuhalli.com","article_modified_time":"2022-11-01T06:53:38+00:00","og_image":[{"url":"https:\/\/pesuhalli.com\/wp-content\/uploads\/2021\/08\/407E111C-35C1-4ED0-8B0D-851374B5F9B1-e1628795352901.jpeg"}],"twitter_card":"summary_large_image","twitter_misc":{"Arvioitu lukuaika":"1 minuutti"},"schema":{"@context":"https:\/\/schema.org","@graph":[{"@type":"WebPage","@id":"https:\/\/pesuhalli.com\/?page_id=87&lang=sv","url":"https:\/\/pesuhalli.com\/?page_id=87&lang=sv","name":"Utrustning - pesuhalli.com","isPartOf":{"@id":"https:\/\/pesuhalli.com\/#website"},"datePublished":"2021-08-12T15:06:20+00:00","dateModified":"2022-11-01T06:53:38+00:00","breadcrumb":{"@id":"https:\/\/pesuhalli.com\/?page_id=87&lang=sv#breadcrumb"},"inLanguage":"fi","potentialAction":[{"@type":"ReadAction","target":["https:\/\/pesuhalli.com\/?page_id=87&lang=sv"]}]},{"@type":"BreadcrumbList","@id":"https:\/\/pesuhalli.com\/?page_id=87&lang=sv#breadcrumb","itemListElement":[{"@type":"ListItem","position":1,"name":"Home","item":"https:\/\/pesuhalli.com\/"},{"@type":"ListItem","position":2,"name":"Utrustning"}]},{"@type":"WebSite","@id":"https:\/\/pesuhalli.com\/#website","url":"https:\/\/pesuhalli.com\/","name":"pesuhalli.com","description":"Paras paikka tee-se-itse-tyypeille.","publisher":{"@id":"https:\/\/pesuhalli.com\/#organization"},"potentialAction":[{"@type":"SearchAction","target":{"@type":"EntryPoint","urlTemplate":"https:\/\/pesuhalli.com\/?s={search_term_string}"},"query-input":"required name=search_term_string"}],"inLanguage":"fi"},{"@type":"Organization","@id":"https:\/\/pesuhalli.com\/#organization","name":"pesuhalli.com","url":"https:\/\/pesuhalli.com\/","logo":{"@type":"ImageObject","inLanguage":"fi","@id":"https:\/\/pesuhalli.com\/#\/schema\/logo\/image\/","url":"https:\/\/pesuhalli.com\/wp-content\/uploads\/2021\/07\/cropped-logo.png","contentUrl":"https:\/\/pesuhalli.com\/wp-content\/uploads\/2021\/07\/cropped-logo.png","width":563,"height":96,"caption":"pesuhalli.com"},"image":{"@id":"https:\/\/pesuhalli.com\/#\/schema\/logo\/image\/"}}]}},"_links":{"self":[{"href":"https:\/\/pesuhalli.com\/index.php?rest_route=\/wp\/v2\/pages\/87","targetHints":{"allow":["GET"]}}],"collection":[{"href":"https:\/\/pesuhalli.com\/index.php?rest_route=\/wp\/v2\/pages"}],"about":[{"href":"https:\/\/pesuhalli.com\/index.php?rest_route=\/wp\/v2\/types\/page"}],"author":[{"embeddable":true,"href":"https:\/\/pesuhalli.com\/index.php?rest_route=\/wp\/v2\/users\/1"}],"replies":[{"embeddable":true,"href":"https:\/\/pesuhalli.com\/index.php?rest_route=%2Fwp%2Fv2%2Fcomments&post=87"}],"version-history":[{"count":18,"href":"https:\/\/pesuhalli.com\/index.php?rest_route=\/wp\/v2\/pages\/87\/revisions"}],"predecessor-version":[{"id":573,"href":"https:\/\/pesuhalli.com\/index.php?rest_route=\/wp\/v2\/pages\/87\/revisions\/573"}],"wp:attachment":[{"href":"https:\/\/pesuhalli.com\/index.php?rest_route=%2Fwp%2Fv2%2Fmedia&parent=87"}],"curies":[{"name":"wp","href":"https:\/\/api.w.org\/{rel}","templated":true}]}}